{"id":44,"date":"2025-10-08T16:05:14","date_gmt":"2025-10-08T16:05:14","guid":{"rendered":"https:\/\/kgev-consulting.hr\/?page_id=44"},"modified":"2025-10-08T16:05:14","modified_gmt":"2025-10-08T16:05:14","slug":"pcn-notifikacija","status":"publish","type":"page","link":"https:\/\/kgev-consulting.hr\/index.php\/pcn-notifikacija\/","title":{"rendered":"PCN notifikacija"},"content":{"rendered":"\n<div class=\"wp-block-group alignwide has-global-padding is-layout-constrained wp-container-core-group-is-layout-c6763bbb wp-block-group-is-layout-constrained\" style=\"padding-top:var(--wp--preset--spacing--120);padding-bottom:var(--wp--preset--spacing--120)\">\n<p>PCN (Poison Centre Notification) je postupak notifikacije, koji je zakonska obaveza za sve tvrtke koje stavljaju na tr\u017ei\u0161te smjese klasificirane kao opasne temeljem u\u010dinaka na zdravlje ljudi i\/ili fizikalnih u\u010dinaka.<\/p>\n\n\n\n<p>Ova notifikacija omogu\u0107uje lije\u010dnicima i hitnim slu\u017ebama da brzo i to\u010dno reagiraju ako do\u0111e do trovanja ili izlaganja kemikalijama.<\/p>\n\n\n\n<p>UFI (Unique Formula Identifier) je 16-znamenkasti alfanumeri\u010dki kod,(npr. UFI: A1B2-C3D4-E5F6-G7H8) koji je jedinstven za svaku smjesu, te je obavezan na deklaraciji proizvoda. Generira se pomo\u0107u poreznog broja tvrtke i interne \u0161ifre proizvoda. Prilikom notifikacije, unosi se UFI kod koji povezuje proizvod sa prijavljenim podacima.<\/p>\n\n\n\n<p>Kako to funkcionira u praksi?<\/p>\n\n\n\n<p>Proizvodite sredstvo za dezinfekciju povr\u0161ina, npr. na bazi etanola. Postupak bi bio:<\/p>\n\n\n\n<ol class=\"wp-block-list\">\n<li>Generira se UFI kod za smjesu<\/li>\n\n\n\n<li>Izradi se podnesak sa tim UFI-jem i svim potrebnim podacima (PCN notifikacija)<\/li>\n\n\n\n<li>UFI broj se stavlja na etiketu proizvoda<\/li>\n\n\n\n<li>Ako do\u0111e do trovanja sa proizvodom, lije\u010dnici mogu pomo\u0107u UFI koda na deklaraciji prona\u0107i to\u010dan sastav u bazi podataka<\/li>\n<\/ol>\n<\/div>\n","protected":false},"excerpt":{"rendered":"<p>PCN (Poison Centre Notification) je postupak notifikacije, koji je zakonska obaveza za sve tvrtke koje stavljaju na tr\u017ei\u0161te smjese klasificirane kao opasne temeljem u\u010dinaka na zdravlje ljudi i\/ili fizikalnih u\u010dinaka. Ova notifikacija omogu\u0107uje lije\u010dnicima i hitnim slu\u017ebama da brzo i to\u010dno reagiraju ako do\u0111e do trovanja ili izlaganja kemikalijama. UFI (Unique Formula Identifier) je 16-znamenkasti [&hellip;]<\/p>\n","protected":false},"author":1,"featured_media":0,"parent":0,"menu_order":0,"comment_status":"closed","ping_status":"closed","template":"","meta":{"footnotes":""},"class_list":["post-44","page","type-page","status-publish","hentry"],"_links":{"self":[{"href":"https:\/\/kgev-consulting.hr\/index.php\/wp-json\/wp\/v2\/pages\/44","targetHints":{"allow":["GET"]}}],"collection":[{"href":"https:\/\/kgev-consulting.hr\/index.php\/wp-json\/wp\/v2\/pages"}],"about":[{"href":"https:\/\/kgev-consulting.hr\/index.php\/wp-json\/wp\/v2\/types\/page"}],"author":[{"embeddable":true,"href":"https:\/\/kgev-consulting.hr\/index.php\/wp-json\/wp\/v2\/users\/1"}],"replies":[{"embeddable":true,"href":"https:\/\/kgev-consulting.hr\/index.php\/wp-json\/wp\/v2\/comments?post=44"}],"version-history":[{"count":2,"href":"https:\/\/kgev-consulting.hr\/index.php\/wp-json\/wp\/v2\/pages\/44\/revisions"}],"predecessor-version":[{"id":53,"href":"https:\/\/kgev-consulting.hr\/index.php\/wp-json\/wp\/v2\/pages\/44\/revisions\/53"}],"wp:attachment":[{"href":"https:\/\/kgev-consulting.hr\/index.php\/wp-json\/wp\/v2\/media?parent=44"}],"curies":[{"name":"wp","href":"https:\/\/api.w.org\/{rel}","templated":true}]}}