{"id":42,"date":"2025-04-17T11:33:48","date_gmt":"2025-04-17T11:33:48","guid":{"rendered":"https:\/\/kgev-consulting.hr\/?page_id=42"},"modified":"2025-10-08T16:10:50","modified_gmt":"2025-10-08T16:10:50","slug":"biocidi","status":"publish","type":"page","link":"https:\/\/kgev-consulting.hr\/index.php\/biocidi\/","title":{"rendered":"Biocidi"},"content":{"rendered":"\n<p>Biocidni proizvodi su tvari ili smjese \u010dija je namjena uni\u0161titi, odvratiti, u\u010diniti bezopasnim, sprije\u010diti djelovanje, odnosno nadzirati bilo koji \u0161tetni organizam na bilo koji na\u010din osim \u010disto fizi\u010dkim ili mehani\u010dkim djelovanjem. Sadr\u017ee jednu ili vi\u0161e biocidnih aktivnih tvari.<br><br>Biocidni proizvod mo\u017ee se stavljati na raspolaganje na tr\u017ei\u0161te i koristiti u Republici Hrvatskoj samo u slu\u010daju ako je:<br>-odobren sukladno Uredbi (EU) br. 528\/2012, ako sadr\u017ei odobrenu aktivnu tvar<br>-odobren sukladno Zakonu o biocidnim pripravcima (NN63\/07, 35\/08, 56\/10), ako sadr\u017ei aktivnu tvar iz \u010dlanka 89. Uredbe stavak 2.<\/p>\n\n\n\n<p>Nadle\u017eno tijelo u Hrvatskoj je Ministarstvo zdravstva.<\/p>\n","protected":false},"excerpt":{"rendered":"<p>Biocidni proizvodi su tvari ili smjese \u010dija je namjena uni\u0161titi, odvratiti, u\u010diniti bezopasnim, sprije\u010diti djelovanje, odnosno nadzirati bilo koji \u0161tetni organizam na bilo koji na\u010din osim \u010disto fizi\u010dkim ili mehani\u010dkim djelovanjem. Sadr\u017ee jednu ili vi\u0161e biocidnih aktivnih tvari. Biocidni proizvod mo\u017ee se stavljati na raspolaganje na tr\u017ei\u0161te i koristiti u Republici Hrvatskoj samo u slu\u010daju [&hellip;]<\/p>\n","protected":false},"author":1,"featured_media":0,"parent":0,"menu_order":0,"comment_status":"closed","ping_status":"closed","template":"","meta":{"footnotes":""},"class_list":["post-42","page","type-page","status-publish","hentry"],"_links":{"self":[{"href":"https:\/\/kgev-consulting.hr\/index.php\/wp-json\/wp\/v2\/pages\/42","targetHints":{"allow":["GET"]}}],"collection":[{"href":"https:\/\/kgev-consulting.hr\/index.php\/wp-json\/wp\/v2\/pages"}],"about":[{"href":"https:\/\/kgev-consulting.hr\/index.php\/wp-json\/wp\/v2\/types\/page"}],"author":[{"embeddable":true,"href":"https:\/\/kgev-consulting.hr\/index.php\/wp-json\/wp\/v2\/users\/1"}],"replies":[{"embeddable":true,"href":"https:\/\/kgev-consulting.hr\/index.php\/wp-json\/wp\/v2\/comments?post=42"}],"version-history":[{"count":1,"href":"https:\/\/kgev-consulting.hr\/index.php\/wp-json\/wp\/v2\/pages\/42\/revisions"}],"predecessor-version":[{"id":43,"href":"https:\/\/kgev-consulting.hr\/index.php\/wp-json\/wp\/v2\/pages\/42\/revisions\/43"}],"wp:attachment":[{"href":"https:\/\/kgev-consulting.hr\/index.php\/wp-json\/wp\/v2\/media?parent=42"}],"curies":[{"name":"wp","href":"https:\/\/api.w.org\/{rel}","templated":true}]}}