{"id":39,"date":"2025-10-08T16:30:48","date_gmt":"2025-10-08T16:30:48","guid":{"rendered":"https:\/\/kgev-consulting.hr\/?page_id=39"},"modified":"2025-10-08T16:31:06","modified_gmt":"2025-10-08T16:31:06","slug":"stl","status":"publish","type":"page","link":"https:\/\/kgev-consulting.hr\/index.php\/stl\/","title":{"rendered":"STL"},"content":{"rendered":"\n<div class=\"wp-block-group alignwide has-global-padding is-layout-constrained wp-container-core-group-is-layout-c6763bbb wp-block-group-is-layout-constrained\" style=\"padding-top:var(--wp--preset--spacing--120);padding-bottom:var(--wp--preset--spacing--120)\">\n<p>Sigurnosno &#8211; tehni\u010dki list (STL) je dokument koji sadr\u017ei detaljne informacije o kemikalijama &#8211; njenim opasnim svojstvima, na\u010dinu rukovanja, skladi\u0161tenju, mjerama za\u0161tite, prvoj pomo\u0107i, te na\u010dinu zbrinjavanja. Obavezan je dokument za kemikalije prema hrvatskom Zakonu o kemikalijama (NN18\/13), te europskim Uredbama REACH i CLP.<\/p>\n\n\n\n<p>Svi koji stavljaju kemikalije na tr\u017ei\u0161te Republike Hrvatske du\u017eni su izraditi STL u skladu s relevantnim propisima te isti dostaviti Slu\u017ebi za toksikologiju HZJZ. <\/p>\n\n\n\n<p>STL tako\u0111er osigurava i poslodavcima i radnicima podatke o kemijskoj opasnosti, te opasnosti za okoli\u0161, kao i mjere prilikom slu\u010dajnog ispu\u0161tanja ili nezgoda sa kemikalijama. Podaci iz STL-a omogu\u0107uju lak\u0161i odabir ispravne za\u0161titne opreme radnika.<\/p>\n\n\n\n<p>STL mora biti ispunjen na na\u010din propisan Uredbom (EZ) br. 1907\/2006.<\/p>\n<\/div>\n","protected":false},"excerpt":{"rendered":"<p>Sigurnosno &#8211; tehni\u010dki list (STL) je dokument koji sadr\u017ei detaljne informacije o kemikalijama &#8211; njenim opasnim svojstvima, na\u010dinu rukovanja, skladi\u0161tenju, mjerama za\u0161tite, prvoj pomo\u0107i, te na\u010dinu zbrinjavanja. Obavezan je dokument za kemikalije prema hrvatskom Zakonu o kemikalijama (NN18\/13), te europskim Uredbama REACH i CLP. Svi koji stavljaju kemikalije na tr\u017ei\u0161te Republike Hrvatske du\u017eni su izraditi [&hellip;]<\/p>\n","protected":false},"author":1,"featured_media":0,"parent":0,"menu_order":0,"comment_status":"closed","ping_status":"closed","template":"","meta":{"footnotes":""},"class_list":["post-39","page","type-page","status-publish","hentry"],"_links":{"self":[{"href":"https:\/\/kgev-consulting.hr\/index.php\/wp-json\/wp\/v2\/pages\/39","targetHints":{"allow":["GET"]}}],"collection":[{"href":"https:\/\/kgev-consulting.hr\/index.php\/wp-json\/wp\/v2\/pages"}],"about":[{"href":"https:\/\/kgev-consulting.hr\/index.php\/wp-json\/wp\/v2\/types\/page"}],"author":[{"embeddable":true,"href":"https:\/\/kgev-consulting.hr\/index.php\/wp-json\/wp\/v2\/users\/1"}],"replies":[{"embeddable":true,"href":"https:\/\/kgev-consulting.hr\/index.php\/wp-json\/wp\/v2\/comments?post=39"}],"version-history":[{"count":3,"href":"https:\/\/kgev-consulting.hr\/index.php\/wp-json\/wp\/v2\/pages\/39\/revisions"}],"predecessor-version":[{"id":62,"href":"https:\/\/kgev-consulting.hr\/index.php\/wp-json\/wp\/v2\/pages\/39\/revisions\/62"}],"wp:attachment":[{"href":"https:\/\/kgev-consulting.hr\/index.php\/wp-json\/wp\/v2\/media?parent=39"}],"curies":[{"name":"wp","href":"https:\/\/api.w.org\/{rel}","templated":true}]}}